{"id":1616,"date":"2017-06-19T17:01:07","date_gmt":"2017-06-19T16:01:07","guid":{"rendered":"https:\/\/prades.cat\/turismo\/guies-de-les-muntanyes-de-prades\/"},"modified":"2018-02-09T09:59:05","modified_gmt":"2018-02-09T08:59:05","slug":"guias-de-las-montanas-de-prades","status":"publish","type":"page","link":"https:\/\/prades.cat\/es\/turismo\/guias-de-las-montanas-de-prades\/","title":{"rendered":"Gu\u00edas de las Monta\u00f1as de Prades"},"content":{"rendered":"<section class=\"wpb-content-wrapper\"><p>[vc_row css_animation=\u00bb\u00bb row_type=\u00bbrow\u00bb use_row_as_full_screen_section=\u00bbno\u00bb type=\u00bbfull_width\u00bb angled_section=\u00bbno\u00bb text_align=\u00bbleft\u00bb background_image_as_pattern=\u00bbwithout_pattern\u00bb][vc_column][vc_column_text]A partir de la\u00a0<strong>Oficina de Turismo<\/strong>\u00a0surgen los\u00a0<strong>Gu\u00edas de las Monta\u00f1as de Prades<\/strong> para dar respuesta profesional a la alta demanda de actividades guiadas de deportes de monta\u00f1a.T\u00e9cnicos deportivos acreditados y con a\u00f1os de experiencia, conocedores de la zona y de los parajes m\u00e1s genuinos, que procuran por la buena gesti\u00f3n de las actividades, la din\u00e1mica y la seguridad, as\u00ed como tambi\u00e9n por la conservaci\u00f3n del medio natural.<\/p>\n<ul>\n<li>T\u00e9cnicos deportivos en descenso de gargantas y barrancos. (<strong>Escuela Catalana de Deportes de Monta\u00f1a<\/strong>, <strong>ECEM<\/strong>).<\/li>\n<li>T\u00e9cnicos deportivos en actividades fisico-deportivas en el medio natural.<\/li>\n<li>Gu\u00edas de monta\u00f1a, gu\u00edas en BTT y gu\u00edas ecuestres. (<strong>Escuela de Capacitaci\u00f3n Agraria del Pirineo<\/strong>).<\/li>\n<li>Monitores de ocio. (<strong>CAE<\/strong>).<\/li>\n<li>Socorristas Acu\u00e1ticos. (<strong>Federaci\u00f3n espa\u00f1ola de salvamento y socorrismo<\/strong>).<\/li>\n<li>T\u00e9cnicos de rescate en altura y espacios confinados. Seguridad en trabajos verticales.<\/li>\n<li>RCP B\u00e1sica y DEA. Primeros auxilios.<\/li>\n<li>Curso de PRL. (<strong>Prevenci\u00f3n Riesgos Laborales<\/strong>).<\/li>\n<\/ul>\n<p><em>T\u00e9cnics deportivos inscritos en el registro oficial del Consell Catal\u00e0 de l\u2019Esport, n\u00famero 016231.<\/em><\/p>\n<p>[\/vc_column_text][\/vc_column][\/vc_row][vc_row css_animation=\u00bb\u00bb row_type=\u00bbrow\u00bb use_row_as_full_screen_section=\u00bbno\u00bb type=\u00bbfull_width\u00bb angled_section=\u00bbno\u00bb text_align=\u00bbleft\u00bb background_image_as_pattern=\u00bbwithout_pattern\u00bb][vc_column][vc_column_text]<\/p>\n<h2>DESCENSO DE BARRANCOS<\/h2>\n<p>[\/vc_column_text][vc_separator type=\u00bbtransparent\u00bb][vc_row_inner row_type=\u00bbrow\u00bb type=\u00bbfull_width\u00bb text_align=\u00bbleft\u00bb css_animation=\u00bb\u00bb][vc_column_inner width=\u00bb1\/3&#8243;][vc_gallery type=\u00bbflexslider_slide\u00bb interval=\u00bb5&#8243; images=\u00bb1422,1423,1424,1425,1426,1427,1428,1429,1430,1431,1432,1433,1434,1435,1436,1437,1438,1439,1440&#8243; img_size=\u00bbfull\u00bb el_class=\u00bbfletxa-dalt\u00bb][\/vc_column_inner][vc_column_inner width=\u00bb2\/3&#8243;][vc_column_text]Actividad refrescante y completa que permite descender r\u00edos y torrentes realizando r\u00e1peles, saltos, nadar\u2026<\/p>\n<p>Descensos ideales como primer contacto en el descenso de barrancos. Excelentes vistas de la zona.<\/p>\n<p>Verano, primavera y oto\u00f1o.<\/p>\n<p>[\/vc_column_text][\/vc_column_inner][\/vc_row_inner][vc_separator type=\u00bbtransparent\u00bb][\/vc_column][\/vc_row][vc_row css_animation=\u00bb\u00bb row_type=\u00bbrow\u00bb use_row_as_full_screen_section=\u00bbno\u00bb type=\u00bbfull_width\u00bb angled_section=\u00bbno\u00bb text_align=\u00bbleft\u00bb background_image_as_pattern=\u00bbwithout_pattern\u00bb][vc_column][vc_column_text]<\/p>\n<h2>DESCENSO DE BARRANCOS EN INVIERNO<\/h2>\n<p>[\/vc_column_text][vc_separator type=\u00bbtransparent\u00bb][vc_row_inner row_type=\u00bbrow\u00bb type=\u00bbfull_width\u00bb text_align=\u00bbleft\u00bb css_animation=\u00bb\u00bb][vc_column_inner width=\u00bb1\/3&#8243;][vc_single_image image=\u00bb1442&#8243; img_size=\u00bbfull\u00bb onclick=\u00bblink_image\u00bb qode_css_animation=\u00bb\u00bb][\/vc_column_inner][vc_column_inner width=\u00bb2\/3&#8243;][vc_column_text]Actividad completa que permite descender torrentes secos realizando r\u00e1pel, trecking y peque\u00f1os destrepes\u2026<\/p>\n<p>Ideales para realizar en invierno, primavera y oto\u00f1o.<\/p>\n<p>Descensos ideales como primer contacto en el descenso de barrancos. Excelentes vistas de la zona.<\/p>\n<p>[\/vc_column_text][\/vc_column_inner][\/vc_row_inner][vc_separator type=\u00bbtransparent\u00bb][\/vc_column][\/vc_row][vc_row css_animation=\u00bb\u00bb row_type=\u00bbrow\u00bb use_row_as_full_screen_section=\u00bbno\u00bb type=\u00bbfull_width\u00bb angled_section=\u00bbno\u00bb text_align=\u00bbleft\u00bb background_image_as_pattern=\u00bbwithout_pattern\u00bb][vc_column][vc_column_text]<\/p>\n<h2>R\u00c1PEL<\/h2>\n<p>[\/vc_column_text][vc_separator type=\u00bbtransparent\u00bb][vc_row_inner row_type=\u00bbrow\u00bb type=\u00bbfull_width\u00bb text_align=\u00bbleft\u00bb css_animation=\u00bb\u00bb][vc_column_inner width=\u00bb1\/3&#8243;][vc_single_image image=\u00bb1369&#8243; img_size=\u00bbfull\u00bb qode_css_animation=\u00bb\u00bb][\/vc_column_inner][vc_column_inner width=\u00bb2\/3&#8243;][vc_column_text]Descubre la sierra y todos sus rincones de una manera diferente\u2026 Realizaremos una ruta en la que durante su transcurso descenderemos una pared vertical mediante la t\u00e9cnica de r\u00e1pel (r\u00e1peles para todos los niveles y gustos). Disfruta de las vistas desde una perspectiva diferente\u2026a vista de p\u00e1jaro.<\/p>\n<p>[\/vc_column_text][\/vc_column_inner][\/vc_row_inner][vc_separator type=\u00bbtransparent\u00bb][\/vc_column][\/vc_row][vc_row css_animation=\u00bb\u00bb row_type=\u00bbrow\u00bb use_row_as_full_screen_section=\u00bbno\u00bb type=\u00bbfull_width\u00bb angled_section=\u00bbno\u00bb text_align=\u00bbleft\u00bb background_image_as_pattern=\u00bbwithout_pattern\u00bb][vc_column][vc_column_text]<\/p>\n<h2>EXCURSIONISMO<\/h2>\n<p>[\/vc_column_text][vc_separator type=\u00bbtransparent\u00bb][vc_row_inner row_type=\u00bbrow\u00bb type=\u00bbfull_width\u00bb text_align=\u00bbleft\u00bb css_animation=\u00bb\u00bb][vc_column_inner width=\u00bb1\/3&#8243;][vc_single_image image=\u00bb1372&#8243; img_size=\u00bbfull\u00bb qode_css_animation=\u00bb\u00bb][\/vc_column_inner][vc_column_inner width=\u00bb2\/3&#8243;][vc_column_text]Descubre los sitios m\u00e1s emblem\u00e1ticos y los mejores rincones de la sierra de Prades, espl\u00e9ndidas vistas, pueblos con encanto, saltos de agua\u2026 Una gran variedad de rutas, de distinta duraci\u00f3n y exigencia.<\/p>\n<p>[\/vc_column_text][\/vc_column_inner][\/vc_row_inner][vc_separator type=\u00bbtransparent\u00bb][\/vc_column][\/vc_row][vc_row css_animation=\u00bb\u00bb row_type=\u00bbrow\u00bb use_row_as_full_screen_section=\u00bbno\u00bb type=\u00bbfull_width\u00bb angled_section=\u00bbno\u00bb text_align=\u00bbleft\u00bb background_image_as_pattern=\u00bbwithout_pattern\u00bb][vc_column][vc_column_text]<\/p>\n<h2>INFORMACI\u00d3N GENERAL DE LOS GU\u00cdAS DE LAS MONTA\u00d1AS DE PRADES<\/h2>\n<p>[\/vc_column_text][vc_separator type=\u00bbtransparent\u00bb][vc_row_inner row_type=\u00bbrow\u00bb type=\u00bbfull_width\u00bb text_align=\u00bbleft\u00bb css_animation=\u00bb\u00bb][vc_column_inner width=\u00bb1\/3&#8243;][vc_single_image image=\u00bb1449&#8243; img_size=\u00bbfull\u00bb qode_css_animation=\u00bb\u00bb][\/vc_column_inner][vc_column_inner width=\u00bb2\/3&#8243;][vc_column_text]Os ofrecemos un servicio de calidad, con experiencia y calificaci\u00f3n. Somos unos apasionados de la monta\u00f1a, nos gusta descubrir el entorno, practicamos deportes en el medio natural, y procuramos transmitir los conocimientos para disfrutar y hacer disfrutar a la gente con este incre\u00edble espacio, as\u00ed como respetar sus valores.<\/p>\n<p>Deportes de monta\u00f1a para familias y grupos&#8230;<\/p>\n<p>Un equipo de gu\u00edas cualificados y preparados para ofreceros entretenimiento y seguidad en la actividad, y para ayudaros a descubrir los entornos m\u00e1gicos de las Monta\u00f1as de Prades.<\/p>\n<p><strong><u>Gu\u00edas titulados<\/u><\/strong><\/p>\n<p>La formaci\u00f3n, experiencia y cualificaci\u00f3n de los gu\u00edas son indispensables para poder ofrecer una excelente gesti\u00f3n de la actividad y su seguridad.<\/p>\n<p><strong><u>Seguros<\/u><\/strong><\/p>\n<p>As\u00ed como con las titulaciones, cumplimos la normativa en aspectos de cobertura de accidentes relacionados con la actividad contratada.<\/p>\n<p><strong><u>Material espec\u00edfico<\/u><\/strong><\/p>\n<p>Material espec\u00edfico y en perfectas condiciones para poder desarrollar las actividades de manera adecuada. Confort y prestaciones.<\/p>\n<p><strong><u>Log\u00edstica<\/u><\/strong><\/p>\n<p>Disponemos de la log\u00edstica necesaria para poder ofreceros un servicio de calidad y que permita desarrollar la actividad de manera adecuada.<\/p>\n<p><strong><u>Formaci\u00f3n<\/u><\/strong><\/p>\n<p>Lograd los conocimientos para formaros en una modalidad deportiva concreta que os permita disfrutarla de manera segura, progresar en experiencia y disponer de recursos.[\/vc_column_text][\/vc_column_inner][\/vc_row_inner][vc_separator type=\u00bbtransparent\u00bb][\/vc_column][\/vc_row]<\/p>\n<\/section>","protected":false},"excerpt":{"rendered":"<p>[vc_row css_animation=\u00bb\u00bb row_type=\u00bbrow\u00bb use_row_as_full_screen_section=\u00bbno\u00bb type=\u00bbfull_width\u00bb angled_section=\u00bbno\u00bb text_align=\u00bbleft\u00bb background_image_as_pattern=\u00bbwithout_pattern\u00bb][vc_column][vc_column_text]A partir de la\u00a0Oficina de Turismo\u00a0surgen los\u00a0Gu\u00edas de las Monta\u00f1as de Prades para dar respuesta profesional a la alta demanda de actividades guiadas de deportes de monta\u00f1a.T\u00e9cnicos deportivos acreditados y con a\u00f1os de experiencia, conocedores de la zona&#8230;<\/p>\n","protected":false},"author":1,"featured_media":0,"parent":1575,"menu_order":0,"comment_status":"closed","ping_status":"closed","template":"","meta":{"footnotes":""},"acf":[],"yoast_head":"<!-- This site is optimized with the Yoast SEO plugin v22.6 - https:\/\/yoast.com\/wordpress\/plugins\/seo\/ -->\n<title>Gu\u00edas de las Monta\u00f1as de Prades - Prades<\/title>\n<meta name=\"robots\" content=\"index, follow, max-snippet:-1, max-image-preview:large, max-video-preview:-1\" \/>\n<link rel=\"canonical\" href=\"https:\/\/prades.cat\/es\/turismo\/guias-de-las-montanas-de-prades\/\" \/>\n<meta property=\"og:locale\" content=\"es_ES\" \/>\n<meta property=\"og:type\" content=\"article\" \/>\n<meta property=\"og:title\" content=\"Gu\u00edas de las Monta\u00f1as de Prades - Prades\" \/>\n<meta property=\"og:description\" content=\"[vc_row css_animation=\u00bb\u00bb row_type=\u00bbrow\u00bb use_row_as_full_screen_section=\u00bbno\u00bb type=\u00bbfull_width\u00bb angled_section=\u00bbno\u00bb text_align=\u00bbleft\u00bb background_image_as_pattern=\u00bbwithout_pattern\u00bb][vc_column][vc_column_text]A partir de la\u00a0Oficina de Turismo\u00a0surgen los\u00a0Gu\u00edas de las Monta\u00f1as de Prades para dar respuesta profesional a la alta demanda de actividades guiadas de deportes de monta\u00f1a.T\u00e9cnicos deportivos acreditados y con a\u00f1os de experiencia, conocedores de la zona...\" \/>\n<meta property=\"og:url\" content=\"https:\/\/prades.cat\/es\/turismo\/guias-de-las-montanas-de-prades\/\" \/>\n<meta property=\"og:site_name\" content=\"Prades\" \/>\n<meta property=\"article:modified_time\" content=\"2018-02-09T08:59:05+00:00\" \/>\n<meta name=\"twitter:card\" content=\"summary_large_image\" \/>\n<meta name=\"twitter:label1\" content=\"Tiempo de lectura\" \/>\n\t<meta name=\"twitter:data1\" content=\"6 minutos\" \/>\n<script type=\"application\/ld+json\" class=\"yoast-schema-graph\">{\"@context\":\"https:\/\/schema.org\",\"@graph\":[{\"@type\":\"WebPage\",\"@id\":\"https:\/\/prades.cat\/es\/turismo\/guias-de-las-montanas-de-prades\/\",\"url\":\"https:\/\/prades.cat\/es\/turismo\/guias-de-las-montanas-de-prades\/\",\"name\":\"Gu\u00edas de las Monta\u00f1as de Prades - Prades\",\"isPartOf\":{\"@id\":\"https:\/\/prades.cat\/es\/#website\"},\"datePublished\":\"2017-06-19T16:01:07+00:00\",\"dateModified\":\"2018-02-09T08:59:05+00:00\",\"breadcrumb\":{\"@id\":\"https:\/\/prades.cat\/es\/turismo\/guias-de-las-montanas-de-prades\/#breadcrumb\"},\"inLanguage\":\"es\",\"potentialAction\":[{\"@type\":\"ReadAction\",\"target\":[\"https:\/\/prades.cat\/es\/turismo\/guias-de-las-montanas-de-prades\/\"]}]},{\"@type\":\"BreadcrumbList\",\"@id\":\"https:\/\/prades.cat\/es\/turismo\/guias-de-las-montanas-de-prades\/#breadcrumb\",\"itemListElement\":[{\"@type\":\"ListItem\",\"position\":1,\"name\":\"Inici\",\"item\":\"https:\/\/prades.cat\/es\/\"},{\"@type\":\"ListItem\",\"position\":2,\"name\":\"Oficina de turismo\",\"item\":\"https:\/\/prades.cat\/es\/turismo\/\"},{\"@type\":\"ListItem\",\"position\":3,\"name\":\"Gu\u00edas de las Monta\u00f1as de Prades\"}]},{\"@type\":\"WebSite\",\"@id\":\"https:\/\/prades.cat\/es\/#website\",\"url\":\"https:\/\/prades.cat\/es\/\",\"name\":\"Prades\",\"description\":\"Web de l&#039;Ajuntament de Prades\",\"potentialAction\":[{\"@type\":\"SearchAction\",\"target\":{\"@type\":\"EntryPoint\",\"urlTemplate\":\"https:\/\/prades.cat\/es\/?s={search_term_string}\"},\"query-input\":\"required name=search_term_string\"}],\"inLanguage\":\"es\"}]}<\/script>\n<!-- \/ Yoast SEO plugin. -->","yoast_head_json":{"title":"Gu\u00edas de las Monta\u00f1as de Prades - Prades","robots":{"index":"index","follow":"follow","max-snippet":"max-snippet:-1","max-image-preview":"max-image-preview:large","max-video-preview":"max-video-preview:-1"},"canonical":"https:\/\/prades.cat\/es\/turismo\/guias-de-las-montanas-de-prades\/","og_locale":"es_ES","og_type":"article","og_title":"Gu\u00edas de las Monta\u00f1as de Prades - Prades","og_description":"[vc_row css_animation=\u00bb\u00bb row_type=\u00bbrow\u00bb use_row_as_full_screen_section=\u00bbno\u00bb type=\u00bbfull_width\u00bb angled_section=\u00bbno\u00bb text_align=\u00bbleft\u00bb background_image_as_pattern=\u00bbwithout_pattern\u00bb][vc_column][vc_column_text]A partir de la\u00a0Oficina de Turismo\u00a0surgen los\u00a0Gu\u00edas de las Monta\u00f1as de Prades para dar respuesta profesional a la alta demanda de actividades guiadas de deportes de monta\u00f1a.T\u00e9cnicos deportivos acreditados y con a\u00f1os de experiencia, conocedores de la zona...","og_url":"https:\/\/prades.cat\/es\/turismo\/guias-de-las-montanas-de-prades\/","og_site_name":"Prades","article_modified_time":"2018-02-09T08:59:05+00:00","twitter_card":"summary_large_image","twitter_misc":{"Tiempo de lectura":"6 minutos"},"schema":{"@context":"https:\/\/schema.org","@graph":[{"@type":"WebPage","@id":"https:\/\/prades.cat\/es\/turismo\/guias-de-las-montanas-de-prades\/","url":"https:\/\/prades.cat\/es\/turismo\/guias-de-las-montanas-de-prades\/","name":"Gu\u00edas de las Monta\u00f1as de Prades - Prades","isPartOf":{"@id":"https:\/\/prades.cat\/es\/#website"},"datePublished":"2017-06-19T16:01:07+00:00","dateModified":"2018-02-09T08:59:05+00:00","breadcrumb":{"@id":"https:\/\/prades.cat\/es\/turismo\/guias-de-las-montanas-de-prades\/#breadcrumb"},"inLanguage":"es","potentialAction":[{"@type":"ReadAction","target":["https:\/\/prades.cat\/es\/turismo\/guias-de-las-montanas-de-prades\/"]}]},{"@type":"BreadcrumbList","@id":"https:\/\/prades.cat\/es\/turismo\/guias-de-las-montanas-de-prades\/#breadcrumb","itemListElement":[{"@type":"ListItem","position":1,"name":"Inici","item":"https:\/\/prades.cat\/es\/"},{"@type":"ListItem","position":2,"name":"Oficina de turismo","item":"https:\/\/prades.cat\/es\/turismo\/"},{"@type":"ListItem","position":3,"name":"Gu\u00edas de las Monta\u00f1as de Prades"}]},{"@type":"WebSite","@id":"https:\/\/prades.cat\/es\/#website","url":"https:\/\/prades.cat\/es\/","name":"Prades","description":"Web de l&#039;Ajuntament de Prades","potentialAction":[{"@type":"SearchAction","target":{"@type":"EntryPoint","urlTemplate":"https:\/\/prades.cat\/es\/?s={search_term_string}"},"query-input":"required name=search_term_string"}],"inLanguage":"es"}]}},"_links":{"self":[{"href":"https:\/\/prades.cat\/es\/wp-json\/wp\/v2\/pages\/1616"}],"collection":[{"href":"https:\/\/prades.cat\/es\/wp-json\/wp\/v2\/pages"}],"about":[{"href":"https:\/\/prades.cat\/es\/wp-json\/wp\/v2\/types\/page"}],"author":[{"embeddable":true,"href":"https:\/\/prades.cat\/es\/wp-json\/wp\/v2\/users\/1"}],"replies":[{"embeddable":true,"href":"https:\/\/prades.cat\/es\/wp-json\/wp\/v2\/comments?post=1616"}],"version-history":[{"count":5,"href":"https:\/\/prades.cat\/es\/wp-json\/wp\/v2\/pages\/1616\/revisions"}],"predecessor-version":[{"id":1988,"href":"https:\/\/prades.cat\/es\/wp-json\/wp\/v2\/pages\/1616\/revisions\/1988"}],"up":[{"embeddable":true,"href":"https:\/\/prades.cat\/es\/wp-json\/wp\/v2\/pages\/1575"}],"wp:attachment":[{"href":"https:\/\/prades.cat\/es\/wp-json\/wp\/v2\/media?parent=1616"}],"curies":[{"name":"wp","href":"https:\/\/api.w.org\/{rel}","templated":true}]}}