{"id":1592,"date":"2017-01-26T12:25:55","date_gmt":"2017-01-26T11:25:55","guid":{"rendered":"https:\/\/prades.cat\/turismo\/centre-dinterpretacio\/"},"modified":"2018-01-10T12:59:59","modified_gmt":"2018-01-10T11:59:59","slug":"centre-dinterpretacio","status":"publish","type":"page","link":"https:\/\/prades.cat\/es\/turismo\/centre-dinterpretacio\/","title":{"rendered":"Centre d&#8217;interpretaci\u00f3"},"content":{"rendered":"<p>R\u00edndete al espect\u00e1culo de la naturaleza y al paisaje m\u00e1s fascinante. Descubre lugares cargados de una capacidad de fascinaci\u00f3n \u00fanica, espacios en los que confluyen un rico patrimonio hist\u00f3rico y natural, en donde el d\u00eda a d\u00eda de las personas y de los pueblos se mezclan en un entorno \u00fanico.<\/p>\n<p>Desde el <strong>Centro de Interpretaci\u00f3n de las Monta\u00f1as de Prades<\/strong> te ayudamos a descubrir este entorno, te guiamos a trav\u00e9s de su territorio, y te ofrecemos una mirada particular de nuestro peque\u00f1o ecosistema. Recorriendo nuestras pistas vivir\u00e1s una experiencia irrepetible y descubrir\u00e1s un territorio de infinitas posibilidades. Caminar\u00e1s y respirar\u00e1s emoci\u00f3n, naturaleza, historia, vida. Porque las <strong>Monta\u00f1as de Prades<\/strong> son todo esto: emoci\u00f3n, historia, naturaleza y vida.<\/p>\n<p>&nbsp;<\/p>\n<p><a href=\"https:\/\/prades.cat\/wp-content\/uploads\/2017\/01\/centre-interpretacio-2.jpg\"><img decoding=\"async\" loading=\"lazy\" class=\"alignnone size-full wp-image-1593\" src=\"https:\/\/prades.cat\/wp-content\/uploads\/2017\/01\/centre-interpretacio-2.jpg\" alt=\"\" width=\"3264\" height=\"1836\" srcset=\"https:\/\/prades.cat\/wp-content\/uploads\/2017\/01\/centre-interpretacio-2.jpg 3264w, https:\/\/prades.cat\/wp-content\/uploads\/2017\/01\/centre-interpretacio-2-300x169.jpg 300w, https:\/\/prades.cat\/wp-content\/uploads\/2017\/01\/centre-interpretacio-2-768x432.jpg 768w, https:\/\/prades.cat\/wp-content\/uploads\/2017\/01\/centre-interpretacio-2-1024x576.jpg 1024w, https:\/\/prades.cat\/wp-content\/uploads\/2017\/01\/centre-interpretacio-2-700x394.jpg 700w, https:\/\/prades.cat\/wp-content\/uploads\/2017\/01\/centre-interpretacio-2-539x303.jpg 539w\" sizes=\"(max-width: 3264px) 100vw, 3264px\" \/><\/a><a href=\"\"><img decoding=\"async\" loading=\"lazy\" class=\"alignnone size-full wp-image-1414\" src=\"\" alt=\"\" width=\"3264\" height=\"1836\" \/><\/a><\/p>\n<p>&nbsp;<\/p>\n","protected":false},"excerpt":{"rendered":"<p>R\u00edndete al espect\u00e1culo de la naturaleza y al paisaje m\u00e1s fascinante. Descubre lugares cargados de una capacidad de fascinaci\u00f3n \u00fanica, espacios en los que confluyen un rico patrimonio hist\u00f3rico y natural, en donde el d\u00eda a d\u00eda de las personas y de los pueblos se&#8230;<\/p>\n","protected":false},"author":1,"featured_media":0,"parent":1575,"menu_order":0,"comment_status":"closed","ping_status":"closed","template":"","meta":{"footnotes":""},"acf":[],"yoast_head":"<!-- This site is optimized with the Yoast SEO plugin v22.6 - https:\/\/yoast.com\/wordpress\/plugins\/seo\/ -->\n<title>Centre d&#039;interpretaci\u00f3 - Prades<\/title>\n<meta name=\"robots\" content=\"index, follow, max-snippet:-1, max-image-preview:large, max-video-preview:-1\" \/>\n<link rel=\"canonical\" href=\"https:\/\/prades.cat\/es\/turismo\/centre-dinterpretacio\/\" \/>\n<meta property=\"og:locale\" content=\"es_ES\" \/>\n<meta property=\"og:type\" content=\"article\" \/>\n<meta property=\"og:title\" content=\"Centre d&#039;interpretaci\u00f3 - Prades\" \/>\n<meta property=\"og:description\" content=\"R\u00edndete al espect\u00e1culo de la naturaleza y al paisaje m\u00e1s fascinante. Descubre lugares cargados de una capacidad de fascinaci\u00f3n \u00fanica, espacios en los que confluyen un rico patrimonio hist\u00f3rico y natural, en donde el d\u00eda a d\u00eda de las personas y de los pueblos se...\" \/>\n<meta property=\"og:url\" content=\"https:\/\/prades.cat\/es\/turismo\/centre-dinterpretacio\/\" \/>\n<meta property=\"og:site_name\" content=\"Prades\" \/>\n<meta property=\"article:modified_time\" content=\"2018-01-10T11:59:59+00:00\" \/>\n<meta property=\"og:image\" content=\"https:\/\/prades.cat\/wp-content\/uploads\/2017\/01\/centre-interpretacio-2.jpg\" \/>\n<meta name=\"twitter:card\" content=\"summary_large_image\" \/>\n<meta name=\"twitter:label1\" content=\"Tiempo de lectura\" \/>\n\t<meta name=\"twitter:data1\" content=\"1 minuto\" \/>\n<script type=\"application\/ld+json\" class=\"yoast-schema-graph\">{\"@context\":\"https:\/\/schema.org\",\"@graph\":[{\"@type\":\"WebPage\",\"@id\":\"https:\/\/prades.cat\/es\/turismo\/centre-dinterpretacio\/\",\"url\":\"https:\/\/prades.cat\/es\/turismo\/centre-dinterpretacio\/\",\"name\":\"Centre d'interpretaci\u00f3 - Prades\",\"isPartOf\":{\"@id\":\"https:\/\/prades.cat\/es\/#website\"},\"primaryImageOfPage\":{\"@id\":\"https:\/\/prades.cat\/es\/turismo\/centre-dinterpretacio\/#primaryimage\"},\"image\":{\"@id\":\"https:\/\/prades.cat\/es\/turismo\/centre-dinterpretacio\/#primaryimage\"},\"thumbnailUrl\":\"https:\/\/prades.cat\/wp-content\/uploads\/2017\/01\/centre-interpretacio-2.jpg\",\"datePublished\":\"2017-01-26T11:25:55+00:00\",\"dateModified\":\"2018-01-10T11:59:59+00:00\",\"breadcrumb\":{\"@id\":\"https:\/\/prades.cat\/es\/turismo\/centre-dinterpretacio\/#breadcrumb\"},\"inLanguage\":\"es\",\"potentialAction\":[{\"@type\":\"ReadAction\",\"target\":[\"https:\/\/prades.cat\/es\/turismo\/centre-dinterpretacio\/\"]}]},{\"@type\":\"ImageObject\",\"inLanguage\":\"es\",\"@id\":\"https:\/\/prades.cat\/es\/turismo\/centre-dinterpretacio\/#primaryimage\",\"url\":\"https:\/\/prades.cat\/wp-content\/uploads\/2017\/01\/centre-interpretacio-2.jpg\",\"contentUrl\":\"https:\/\/prades.cat\/wp-content\/uploads\/2017\/01\/centre-interpretacio-2.jpg\"},{\"@type\":\"BreadcrumbList\",\"@id\":\"https:\/\/prades.cat\/es\/turismo\/centre-dinterpretacio\/#breadcrumb\",\"itemListElement\":[{\"@type\":\"ListItem\",\"position\":1,\"name\":\"Inici\",\"item\":\"https:\/\/prades.cat\/es\/\"},{\"@type\":\"ListItem\",\"position\":2,\"name\":\"Oficina de turismo\",\"item\":\"https:\/\/prades.cat\/es\/turismo\/\"},{\"@type\":\"ListItem\",\"position\":3,\"name\":\"Centre d&#8217;interpretaci\u00f3\"}]},{\"@type\":\"WebSite\",\"@id\":\"https:\/\/prades.cat\/es\/#website\",\"url\":\"https:\/\/prades.cat\/es\/\",\"name\":\"Prades\",\"description\":\"Web de l&#039;Ajuntament de Prades\",\"potentialAction\":[{\"@type\":\"SearchAction\",\"target\":{\"@type\":\"EntryPoint\",\"urlTemplate\":\"https:\/\/prades.cat\/es\/?s={search_term_string}\"},\"query-input\":\"required name=search_term_string\"}],\"inLanguage\":\"es\"}]}<\/script>\n<!-- \/ Yoast SEO plugin. -->","yoast_head_json":{"title":"Centre d'interpretaci\u00f3 - Prades","robots":{"index":"index","follow":"follow","max-snippet":"max-snippet:-1","max-image-preview":"max-image-preview:large","max-video-preview":"max-video-preview:-1"},"canonical":"https:\/\/prades.cat\/es\/turismo\/centre-dinterpretacio\/","og_locale":"es_ES","og_type":"article","og_title":"Centre d'interpretaci\u00f3 - Prades","og_description":"R\u00edndete al espect\u00e1culo de la naturaleza y al paisaje m\u00e1s fascinante. Descubre lugares cargados de una capacidad de fascinaci\u00f3n \u00fanica, espacios en los que confluyen un rico patrimonio hist\u00f3rico y natural, en donde el d\u00eda a d\u00eda de las personas y de los pueblos se...","og_url":"https:\/\/prades.cat\/es\/turismo\/centre-dinterpretacio\/","og_site_name":"Prades","article_modified_time":"2018-01-10T11:59:59+00:00","og_image":[{"url":"https:\/\/prades.cat\/wp-content\/uploads\/2017\/01\/centre-interpretacio-2.jpg"}],"twitter_card":"summary_large_image","twitter_misc":{"Tiempo de lectura":"1 minuto"},"schema":{"@context":"https:\/\/schema.org","@graph":[{"@type":"WebPage","@id":"https:\/\/prades.cat\/es\/turismo\/centre-dinterpretacio\/","url":"https:\/\/prades.cat\/es\/turismo\/centre-dinterpretacio\/","name":"Centre d'interpretaci\u00f3 - Prades","isPartOf":{"@id":"https:\/\/prades.cat\/es\/#website"},"primaryImageOfPage":{"@id":"https:\/\/prades.cat\/es\/turismo\/centre-dinterpretacio\/#primaryimage"},"image":{"@id":"https:\/\/prades.cat\/es\/turismo\/centre-dinterpretacio\/#primaryimage"},"thumbnailUrl":"https:\/\/prades.cat\/wp-content\/uploads\/2017\/01\/centre-interpretacio-2.jpg","datePublished":"2017-01-26T11:25:55+00:00","dateModified":"2018-01-10T11:59:59+00:00","breadcrumb":{"@id":"https:\/\/prades.cat\/es\/turismo\/centre-dinterpretacio\/#breadcrumb"},"inLanguage":"es","potentialAction":[{"@type":"ReadAction","target":["https:\/\/prades.cat\/es\/turismo\/centre-dinterpretacio\/"]}]},{"@type":"ImageObject","inLanguage":"es","@id":"https:\/\/prades.cat\/es\/turismo\/centre-dinterpretacio\/#primaryimage","url":"https:\/\/prades.cat\/wp-content\/uploads\/2017\/01\/centre-interpretacio-2.jpg","contentUrl":"https:\/\/prades.cat\/wp-content\/uploads\/2017\/01\/centre-interpretacio-2.jpg"},{"@type":"BreadcrumbList","@id":"https:\/\/prades.cat\/es\/turismo\/centre-dinterpretacio\/#breadcrumb","itemListElement":[{"@type":"ListItem","position":1,"name":"Inici","item":"https:\/\/prades.cat\/es\/"},{"@type":"ListItem","position":2,"name":"Oficina de turismo","item":"https:\/\/prades.cat\/es\/turismo\/"},{"@type":"ListItem","position":3,"name":"Centre d&#8217;interpretaci\u00f3"}]},{"@type":"WebSite","@id":"https:\/\/prades.cat\/es\/#website","url":"https:\/\/prades.cat\/es\/","name":"Prades","description":"Web de l&#039;Ajuntament de Prades","potentialAction":[{"@type":"SearchAction","target":{"@type":"EntryPoint","urlTemplate":"https:\/\/prades.cat\/es\/?s={search_term_string}"},"query-input":"required name=search_term_string"}],"inLanguage":"es"}]}},"_links":{"self":[{"href":"https:\/\/prades.cat\/es\/wp-json\/wp\/v2\/pages\/1592"}],"collection":[{"href":"https:\/\/prades.cat\/es\/wp-json\/wp\/v2\/pages"}],"about":[{"href":"https:\/\/prades.cat\/es\/wp-json\/wp\/v2\/types\/page"}],"author":[{"embeddable":true,"href":"https:\/\/prades.cat\/es\/wp-json\/wp\/v2\/users\/1"}],"replies":[{"embeddable":true,"href":"https:\/\/prades.cat\/es\/wp-json\/wp\/v2\/comments?post=1592"}],"version-history":[{"count":2,"href":"https:\/\/prades.cat\/es\/wp-json\/wp\/v2\/pages\/1592\/revisions"}],"predecessor-version":[{"id":1595,"href":"https:\/\/prades.cat\/es\/wp-json\/wp\/v2\/pages\/1592\/revisions\/1595"}],"up":[{"embeddable":true,"href":"https:\/\/prades.cat\/es\/wp-json\/wp\/v2\/pages\/1575"}],"wp:attachment":[{"href":"https:\/\/prades.cat\/es\/wp-json\/wp\/v2\/media?parent=1592"}],"curies":[{"name":"wp","href":"https:\/\/api.w.org\/{rel}","templated":true}]}}