{"id":1582,"date":"2017-03-23T23:33:54","date_gmt":"2017-03-23T22:33:54","guid":{"rendered":"https:\/\/prades.cat\/turismo\/visites-guiades\/"},"modified":"2018-01-10T11:28:12","modified_gmt":"2018-01-10T10:28:12","slug":"visitas-guiadas","status":"publish","type":"page","link":"https:\/\/prades.cat\/es\/turismo\/visitas-guiadas\/","title":{"rendered":"Visitas guiadas"},"content":{"rendered":"<p>En\u00a0<strong>Prades<\/strong> encontrar\u00e9is diferentes actividades ideales para las familias, grupos&#8230; ya sea a nivel particular o contratando el servicio de los\u00a0<strong>Gu\u00edas Monta\u00f1as de Prades<\/strong>. Nuestras monta\u00f1as requieren m\u00e1s de un d\u00eda si quieres descubrir los sitios m\u00e1s aut\u00e9nticos.<\/p>\n<p>Actividades guiadas:<\/p>\n<ul>\n<li>Visita guiada a la Villa de <strong>Prades<\/strong>.<\/li>\n<li>Visita guiada a la\u00a0<strong>ermita de l\u2019Abellera<\/strong>.<\/li>\n<li>Visita guiada a la Villa de <strong>Prades<\/strong>\u00a0y\u00a0<strong>ermita de l\u2019Abellera<\/strong>.<\/li>\n<li>Visita guiada a la\u00a0<strong>ermita de l\u2019Abellera<\/strong>\u00a0y a la\u00a0<strong>Roca Foradada<\/strong>.<\/li>\n<li>Rutas de excursionismo.<\/li>\n<li>Excursionismo y r\u00e1pel.<\/li>\n<li>Descenso de barrancos.<\/li>\n<\/ul>\n<p>&nbsp;<\/p>\n","protected":false},"excerpt":{"rendered":"<p>En\u00a0Prades encontrar\u00e9is diferentes actividades ideales para las familias, grupos&#8230; ya sea a nivel particular o contratando el servicio de los\u00a0Gu\u00edas Monta\u00f1as de Prades. Nuestras monta\u00f1as requieren m\u00e1s de un d\u00eda si quieres descubrir los sitios m\u00e1s aut\u00e9nticos. Actividades guiadas: Visita guiada a la Villa de&#8230;<\/p>\n","protected":false},"author":1,"featured_media":0,"parent":1575,"menu_order":0,"comment_status":"closed","ping_status":"closed","template":"","meta":{"footnotes":""},"acf":[],"yoast_head":"<!-- This site is optimized with the Yoast SEO plugin v22.6 - https:\/\/yoast.com\/wordpress\/plugins\/seo\/ -->\n<title>Visitas guiadas - Prades<\/title>\n<meta name=\"robots\" content=\"index, follow, max-snippet:-1, max-image-preview:large, max-video-preview:-1\" \/>\n<link rel=\"canonical\" href=\"https:\/\/prades.cat\/es\/turismo\/visitas-guiadas\/\" \/>\n<meta property=\"og:locale\" content=\"es_ES\" \/>\n<meta property=\"og:type\" content=\"article\" \/>\n<meta property=\"og:title\" content=\"Visitas guiadas - Prades\" \/>\n<meta property=\"og:description\" content=\"En\u00a0Prades encontrar\u00e9is diferentes actividades ideales para las familias, grupos&#8230; ya sea a nivel particular o contratando el servicio de los\u00a0Gu\u00edas Monta\u00f1as de Prades. Nuestras monta\u00f1as requieren m\u00e1s de un d\u00eda si quieres descubrir los sitios m\u00e1s aut\u00e9nticos. Actividades guiadas: Visita guiada a la Villa de...\" \/>\n<meta property=\"og:url\" content=\"https:\/\/prades.cat\/es\/turismo\/visitas-guiadas\/\" \/>\n<meta property=\"og:site_name\" content=\"Prades\" \/>\n<meta property=\"article:modified_time\" content=\"2018-01-10T10:28:12+00:00\" \/>\n<meta name=\"twitter:card\" content=\"summary_large_image\" \/>\n<meta name=\"twitter:label1\" content=\"Tiempo de lectura\" \/>\n\t<meta name=\"twitter:data1\" content=\"1 minuto\" \/>\n<script type=\"application\/ld+json\" class=\"yoast-schema-graph\">{\"@context\":\"https:\/\/schema.org\",\"@graph\":[{\"@type\":\"WebPage\",\"@id\":\"https:\/\/prades.cat\/es\/turismo\/visitas-guiadas\/\",\"url\":\"https:\/\/prades.cat\/es\/turismo\/visitas-guiadas\/\",\"name\":\"Visitas guiadas - Prades\",\"isPartOf\":{\"@id\":\"https:\/\/prades.cat\/es\/#website\"},\"datePublished\":\"2017-03-23T22:33:54+00:00\",\"dateModified\":\"2018-01-10T10:28:12+00:00\",\"breadcrumb\":{\"@id\":\"https:\/\/prades.cat\/es\/turismo\/visitas-guiadas\/#breadcrumb\"},\"inLanguage\":\"es\",\"potentialAction\":[{\"@type\":\"ReadAction\",\"target\":[\"https:\/\/prades.cat\/es\/turismo\/visitas-guiadas\/\"]}]},{\"@type\":\"BreadcrumbList\",\"@id\":\"https:\/\/prades.cat\/es\/turismo\/visitas-guiadas\/#breadcrumb\",\"itemListElement\":[{\"@type\":\"ListItem\",\"position\":1,\"name\":\"Inici\",\"item\":\"https:\/\/prades.cat\/es\/\"},{\"@type\":\"ListItem\",\"position\":2,\"name\":\"Oficina de turismo\",\"item\":\"https:\/\/prades.cat\/es\/turismo\/\"},{\"@type\":\"ListItem\",\"position\":3,\"name\":\"Visitas guiadas\"}]},{\"@type\":\"WebSite\",\"@id\":\"https:\/\/prades.cat\/es\/#website\",\"url\":\"https:\/\/prades.cat\/es\/\",\"name\":\"Prades\",\"description\":\"Web de l&#039;Ajuntament de Prades\",\"potentialAction\":[{\"@type\":\"SearchAction\",\"target\":{\"@type\":\"EntryPoint\",\"urlTemplate\":\"https:\/\/prades.cat\/es\/?s={search_term_string}\"},\"query-input\":\"required name=search_term_string\"}],\"inLanguage\":\"es\"}]}<\/script>\n<!-- \/ Yoast SEO plugin. -->","yoast_head_json":{"title":"Visitas guiadas - Prades","robots":{"index":"index","follow":"follow","max-snippet":"max-snippet:-1","max-image-preview":"max-image-preview:large","max-video-preview":"max-video-preview:-1"},"canonical":"https:\/\/prades.cat\/es\/turismo\/visitas-guiadas\/","og_locale":"es_ES","og_type":"article","og_title":"Visitas guiadas - Prades","og_description":"En\u00a0Prades encontrar\u00e9is diferentes actividades ideales para las familias, grupos&#8230; ya sea a nivel particular o contratando el servicio de los\u00a0Gu\u00edas Monta\u00f1as de Prades. Nuestras monta\u00f1as requieren m\u00e1s de un d\u00eda si quieres descubrir los sitios m\u00e1s aut\u00e9nticos. Actividades guiadas: Visita guiada a la Villa de...","og_url":"https:\/\/prades.cat\/es\/turismo\/visitas-guiadas\/","og_site_name":"Prades","article_modified_time":"2018-01-10T10:28:12+00:00","twitter_card":"summary_large_image","twitter_misc":{"Tiempo de lectura":"1 minuto"},"schema":{"@context":"https:\/\/schema.org","@graph":[{"@type":"WebPage","@id":"https:\/\/prades.cat\/es\/turismo\/visitas-guiadas\/","url":"https:\/\/prades.cat\/es\/turismo\/visitas-guiadas\/","name":"Visitas guiadas - Prades","isPartOf":{"@id":"https:\/\/prades.cat\/es\/#website"},"datePublished":"2017-03-23T22:33:54+00:00","dateModified":"2018-01-10T10:28:12+00:00","breadcrumb":{"@id":"https:\/\/prades.cat\/es\/turismo\/visitas-guiadas\/#breadcrumb"},"inLanguage":"es","potentialAction":[{"@type":"ReadAction","target":["https:\/\/prades.cat\/es\/turismo\/visitas-guiadas\/"]}]},{"@type":"BreadcrumbList","@id":"https:\/\/prades.cat\/es\/turismo\/visitas-guiadas\/#breadcrumb","itemListElement":[{"@type":"ListItem","position":1,"name":"Inici","item":"https:\/\/prades.cat\/es\/"},{"@type":"ListItem","position":2,"name":"Oficina de turismo","item":"https:\/\/prades.cat\/es\/turismo\/"},{"@type":"ListItem","position":3,"name":"Visitas guiadas"}]},{"@type":"WebSite","@id":"https:\/\/prades.cat\/es\/#website","url":"https:\/\/prades.cat\/es\/","name":"Prades","description":"Web de l&#039;Ajuntament de Prades","potentialAction":[{"@type":"SearchAction","target":{"@type":"EntryPoint","urlTemplate":"https:\/\/prades.cat\/es\/?s={search_term_string}"},"query-input":"required name=search_term_string"}],"inLanguage":"es"}]}},"_links":{"self":[{"href":"https:\/\/prades.cat\/es\/wp-json\/wp\/v2\/pages\/1582"}],"collection":[{"href":"https:\/\/prades.cat\/es\/wp-json\/wp\/v2\/pages"}],"about":[{"href":"https:\/\/prades.cat\/es\/wp-json\/wp\/v2\/types\/page"}],"author":[{"embeddable":true,"href":"https:\/\/prades.cat\/es\/wp-json\/wp\/v2\/users\/1"}],"replies":[{"embeddable":true,"href":"https:\/\/prades.cat\/es\/wp-json\/wp\/v2\/comments?post=1582"}],"version-history":[{"count":2,"href":"https:\/\/prades.cat\/es\/wp-json\/wp\/v2\/pages\/1582\/revisions"}],"predecessor-version":[{"id":1584,"href":"https:\/\/prades.cat\/es\/wp-json\/wp\/v2\/pages\/1582\/revisions\/1584"}],"up":[{"embeddable":true,"href":"https:\/\/prades.cat\/es\/wp-json\/wp\/v2\/pages\/1575"}],"wp:attachment":[{"href":"https:\/\/prades.cat\/es\/wp-json\/wp\/v2\/media?parent=1582"}],"curies":[{"name":"wp","href":"https:\/\/api.w.org\/{rel}","templated":true}]}}