{"id":1575,"date":"2017-01-26T12:26:18","date_gmt":"2017-01-26T11:26:18","guid":{"rendered":"https:\/\/prades.cat\/turisme\/"},"modified":"2018-02-09T10:03:14","modified_gmt":"2018-02-09T09:03:14","slug":"turismo","status":"publish","type":"page","link":"https:\/\/prades.cat\/es\/turismo\/","title":{"rendered":"Oficina de turismo"},"content":{"rendered":"<section class=\"wpb-content-wrapper\"><p>[vc_row css_animation=\u00bb\u00bb row_type=\u00bbrow\u00bb use_row_as_full_screen_section=\u00bbno\u00bb type=\u00bbfull_width\u00bb angled_section=\u00bbno\u00bb text_align=\u00bbleft\u00bb background_image_as_pattern=\u00bbwithout_pattern\u00bb][vc_column][vc_column_text]Desde el <strong>Ayuntamiento de Prades<\/strong> se ha decidido impulsar la <strong>Oficina de Turismo<\/strong> y el <strong>Centro de Interpretaci\u00f3n de las Monta\u00f1as de Prades<\/strong>, de manera que no se focalice s\u00f3lo la atenci\u00f3n al p\u00fablico si no que, adem\u00e1s, se apueste por la dinamizaci\u00f3n del territorio a partir de proyectos como el de <strong>Gu\u00edas de las Monta\u00f1as de Prades<\/strong>. El objetivo principal de actuaciones como \u00e9sta es dar a conocer el a\u00fan desconocido entorno natural de las <strong>Monta\u00f1as de Prades<\/strong>, as\u00ed como su patrimonio cultural y la historia que se esconde.<\/p>\n<p>&nbsp;<\/p>\n<p><a href=\"https:\/\/prades.cat\/wp-content\/uploads\/2017\/01\/oficina-turisme-e1640897677959.jpg\"><img decoding=\"async\" loading=\"lazy\" class=\"alignnone size-full wp-image-1576\" src=\"https:\/\/prades.cat\/wp-content\/uploads\/2017\/01\/oficina-turisme-e1640897677959.jpg\" alt=\"\" width=\"3264\" height=\"1836\" \/><\/a>[\/vc_column_text][vc_separator type=\u00bbtransparent\u00bb][\/vc_column][\/vc_row][vc_row css_animation=\u00bb\u00bb row_type=\u00bbrow\u00bb use_row_as_full_screen_section=\u00bbno\u00bb type=\u00bbfull_width\u00bb angled_section=\u00bbno\u00bb text_align=\u00bbleft\u00bb background_image_as_pattern=\u00bbwithout_pattern\u00bb][vc_column width=\u00bb1\/2&#8243;][vc_column_text]<\/p>\n<h3>Oficina Municipal de Turismo<\/h3>\n<p>C. Muralla, 3<br \/>\nTel\u00e9fono 977 868 302<br \/>\nturisme@prades.cat<\/p>\n<p><strong>Horari de atenci\u00f3n al p\u00fablico:<\/strong><\/p>\n<p><strong>Temporada alta (del 24 de junio al 11 de septiembre):<\/strong><br \/>\nDe lunes a s\u00e1bado, de 9 a 14 h y de 16 a 18 h<br \/>\nDomingos y festivos, de 9 a 14 h<br \/>\n<strong>Temporada baja (resto del a\u00f1o):<\/strong><br \/>\nS\u00e1bados, de 9 a 14 h y de 16 a 18 h<br \/>\nDomingos y festivos, de 9 a 14 h[\/vc_column_text][vc_separator type=\u00bbtransparent\u00bb][\/vc_column][vc_column width=\u00bb1\/2&#8243;][vc_column_text]<\/p>\n<h3>Centro de Interpretaci\u00f3n de las Monta\u00f1as de Prades<\/h3>\n<p>C. Muralla, 3<br \/>\nTel\u00e9fono 977 868 302<br \/>\nturisme@prades.cat<\/p>\n<p><strong>Horario de atenci\u00f3n al p\u00fablico:<\/strong><\/p>\n<p><strong>Temporada alta (del 24 de junio al 11 de septiembre)<\/strong><br \/>\nDe lunes a s\u00e1bado, de 9 a 14 h y de 16 a 18 h<br \/>\nDomingos y festivos, de 9 a 14 h<br \/>\n<strong>Temporada baja (resto del a\u00f1o)<\/strong><br \/>\nS\u00e1bados, de 9 a 14 h y de 16 a 18 h<br \/>\nDomingos y festivos, de 9 a 14 h<\/p>\n<p><strong>Visitas concertadas todo el a\u00f1o llamando a los n\u00fameros de tel\u00e9fono: 977 868 302 i 977 868 018<\/strong>[\/vc_column_text][vc_separator type=\u00bbtransparent\u00bb][\/vc_column][\/vc_row][vc_row css_animation=\u00bb\u00bb row_type=\u00bbrow\u00bb use_row_as_full_screen_section=\u00bbno\u00bb type=\u00bbfull_width\u00bb angled_section=\u00bbno\u00bb text_align=\u00bbleft\u00bb background_image_as_pattern=\u00bbwithout_pattern\u00bb][vc_column][vc_separator type=\u00bbtransparent\u00bb][\/vc_column][\/vc_row]<\/p>\n<\/section>","protected":false},"excerpt":{"rendered":"<p>[vc_row css_animation=\u00bb\u00bb row_type=\u00bbrow\u00bb use_row_as_full_screen_section=\u00bbno\u00bb type=\u00bbfull_width\u00bb angled_section=\u00bbno\u00bb text_align=\u00bbleft\u00bb background_image_as_pattern=\u00bbwithout_pattern\u00bb][vc_column][vc_column_text]Desde el Ayuntamiento de Prades se ha decidido impulsar la Oficina de Turismo y el Centro de Interpretaci\u00f3n de las Monta\u00f1as de Prades, de manera que no se focalice s\u00f3lo la atenci\u00f3n al p\u00fablico si no que, adem\u00e1s,&#8230;<\/p>\n","protected":false},"author":1,"featured_media":0,"parent":0,"menu_order":0,"comment_status":"closed","ping_status":"closed","template":"","meta":{"footnotes":""},"acf":[],"yoast_head":"<!-- This site is optimized with the Yoast SEO plugin v22.6 - https:\/\/yoast.com\/wordpress\/plugins\/seo\/ -->\n<title>Oficina de turismo - Prades<\/title>\n<meta name=\"robots\" content=\"index, follow, max-snippet:-1, max-image-preview:large, max-video-preview:-1\" \/>\n<link rel=\"canonical\" href=\"https:\/\/prades.cat\/es\/turismo\/\" \/>\n<meta property=\"og:locale\" content=\"es_ES\" \/>\n<meta property=\"og:type\" content=\"article\" \/>\n<meta property=\"og:title\" content=\"Oficina de turismo - Prades\" \/>\n<meta property=\"og:description\" content=\"[vc_row css_animation=\u00bb\u00bb row_type=\u00bbrow\u00bb use_row_as_full_screen_section=\u00bbno\u00bb type=\u00bbfull_width\u00bb angled_section=\u00bbno\u00bb text_align=\u00bbleft\u00bb background_image_as_pattern=\u00bbwithout_pattern\u00bb][vc_column][vc_column_text]Desde el Ayuntamiento de Prades se ha decidido impulsar la Oficina de Turismo y el Centro de Interpretaci\u00f3n de las Monta\u00f1as de Prades, de manera que no se focalice s\u00f3lo la atenci\u00f3n al p\u00fablico si no que, adem\u00e1s,...\" \/>\n<meta property=\"og:url\" content=\"https:\/\/prades.cat\/es\/turismo\/\" \/>\n<meta property=\"og:site_name\" content=\"Prades\" \/>\n<meta property=\"article:modified_time\" content=\"2018-02-09T09:03:14+00:00\" \/>\n<meta property=\"og:image\" content=\"https:\/\/prades.cat\/wp-content\/uploads\/2017\/01\/oficina-turisme.jpg\" \/>\n<meta name=\"twitter:card\" content=\"summary_large_image\" \/>\n<meta name=\"twitter:label1\" content=\"Tiempo de lectura\" \/>\n\t<meta name=\"twitter:data1\" content=\"2 minutos\" \/>\n<script type=\"application\/ld+json\" class=\"yoast-schema-graph\">{\"@context\":\"https:\/\/schema.org\",\"@graph\":[{\"@type\":\"WebPage\",\"@id\":\"https:\/\/prades.cat\/es\/turismo\/\",\"url\":\"https:\/\/prades.cat\/es\/turismo\/\",\"name\":\"Oficina de turismo - Prades\",\"isPartOf\":{\"@id\":\"https:\/\/prades.cat\/es\/#website\"},\"primaryImageOfPage\":{\"@id\":\"https:\/\/prades.cat\/es\/turismo\/#primaryimage\"},\"image\":{\"@id\":\"https:\/\/prades.cat\/es\/turismo\/#primaryimage\"},\"thumbnailUrl\":\"https:\/\/prades.cat\/wp-content\/uploads\/2017\/01\/oficina-turisme-e1640897677959.jpg\",\"datePublished\":\"2017-01-26T11:26:18+00:00\",\"dateModified\":\"2018-02-09T09:03:14+00:00\",\"breadcrumb\":{\"@id\":\"https:\/\/prades.cat\/es\/turismo\/#breadcrumb\"},\"inLanguage\":\"es\",\"potentialAction\":[{\"@type\":\"ReadAction\",\"target\":[\"https:\/\/prades.cat\/es\/turismo\/\"]}]},{\"@type\":\"ImageObject\",\"inLanguage\":\"es\",\"@id\":\"https:\/\/prades.cat\/es\/turismo\/#primaryimage\",\"url\":\"https:\/\/prades.cat\/wp-content\/uploads\/2017\/01\/oficina-turisme-e1640897677959.jpg\",\"contentUrl\":\"https:\/\/prades.cat\/wp-content\/uploads\/2017\/01\/oficina-turisme-e1640897677959.jpg\"},{\"@type\":\"BreadcrumbList\",\"@id\":\"https:\/\/prades.cat\/es\/turismo\/#breadcrumb\",\"itemListElement\":[{\"@type\":\"ListItem\",\"position\":1,\"name\":\"Inici\",\"item\":\"https:\/\/prades.cat\/es\/\"},{\"@type\":\"ListItem\",\"position\":2,\"name\":\"Oficina de turismo\"}]},{\"@type\":\"WebSite\",\"@id\":\"https:\/\/prades.cat\/es\/#website\",\"url\":\"https:\/\/prades.cat\/es\/\",\"name\":\"Prades\",\"description\":\"Web de l&#039;Ajuntament de Prades\",\"potentialAction\":[{\"@type\":\"SearchAction\",\"target\":{\"@type\":\"EntryPoint\",\"urlTemplate\":\"https:\/\/prades.cat\/es\/?s={search_term_string}\"},\"query-input\":\"required name=search_term_string\"}],\"inLanguage\":\"es\"}]}<\/script>\n<!-- \/ Yoast SEO plugin. -->","yoast_head_json":{"title":"Oficina de turismo - Prades","robots":{"index":"index","follow":"follow","max-snippet":"max-snippet:-1","max-image-preview":"max-image-preview:large","max-video-preview":"max-video-preview:-1"},"canonical":"https:\/\/prades.cat\/es\/turismo\/","og_locale":"es_ES","og_type":"article","og_title":"Oficina de turismo - Prades","og_description":"[vc_row css_animation=\u00bb\u00bb row_type=\u00bbrow\u00bb use_row_as_full_screen_section=\u00bbno\u00bb type=\u00bbfull_width\u00bb angled_section=\u00bbno\u00bb text_align=\u00bbleft\u00bb background_image_as_pattern=\u00bbwithout_pattern\u00bb][vc_column][vc_column_text]Desde el Ayuntamiento de Prades se ha decidido impulsar la Oficina de Turismo y el Centro de Interpretaci\u00f3n de las Monta\u00f1as de Prades, de manera que no se focalice s\u00f3lo la atenci\u00f3n al p\u00fablico si no que, adem\u00e1s,...","og_url":"https:\/\/prades.cat\/es\/turismo\/","og_site_name":"Prades","article_modified_time":"2018-02-09T09:03:14+00:00","og_image":[{"url":"https:\/\/prades.cat\/wp-content\/uploads\/2017\/01\/oficina-turisme.jpg"}],"twitter_card":"summary_large_image","twitter_misc":{"Tiempo de lectura":"2 minutos"},"schema":{"@context":"https:\/\/schema.org","@graph":[{"@type":"WebPage","@id":"https:\/\/prades.cat\/es\/turismo\/","url":"https:\/\/prades.cat\/es\/turismo\/","name":"Oficina de turismo - Prades","isPartOf":{"@id":"https:\/\/prades.cat\/es\/#website"},"primaryImageOfPage":{"@id":"https:\/\/prades.cat\/es\/turismo\/#primaryimage"},"image":{"@id":"https:\/\/prades.cat\/es\/turismo\/#primaryimage"},"thumbnailUrl":"https:\/\/prades.cat\/wp-content\/uploads\/2017\/01\/oficina-turisme-e1640897677959.jpg","datePublished":"2017-01-26T11:26:18+00:00","dateModified":"2018-02-09T09:03:14+00:00","breadcrumb":{"@id":"https:\/\/prades.cat\/es\/turismo\/#breadcrumb"},"inLanguage":"es","potentialAction":[{"@type":"ReadAction","target":["https:\/\/prades.cat\/es\/turismo\/"]}]},{"@type":"ImageObject","inLanguage":"es","@id":"https:\/\/prades.cat\/es\/turismo\/#primaryimage","url":"https:\/\/prades.cat\/wp-content\/uploads\/2017\/01\/oficina-turisme-e1640897677959.jpg","contentUrl":"https:\/\/prades.cat\/wp-content\/uploads\/2017\/01\/oficina-turisme-e1640897677959.jpg"},{"@type":"BreadcrumbList","@id":"https:\/\/prades.cat\/es\/turismo\/#breadcrumb","itemListElement":[{"@type":"ListItem","position":1,"name":"Inici","item":"https:\/\/prades.cat\/es\/"},{"@type":"ListItem","position":2,"name":"Oficina de turismo"}]},{"@type":"WebSite","@id":"https:\/\/prades.cat\/es\/#website","url":"https:\/\/prades.cat\/es\/","name":"Prades","description":"Web de l&#039;Ajuntament de Prades","potentialAction":[{"@type":"SearchAction","target":{"@type":"EntryPoint","urlTemplate":"https:\/\/prades.cat\/es\/?s={search_term_string}"},"query-input":"required name=search_term_string"}],"inLanguage":"es"}]}},"_links":{"self":[{"href":"https:\/\/prades.cat\/es\/wp-json\/wp\/v2\/pages\/1575"}],"collection":[{"href":"https:\/\/prades.cat\/es\/wp-json\/wp\/v2\/pages"}],"about":[{"href":"https:\/\/prades.cat\/es\/wp-json\/wp\/v2\/types\/page"}],"author":[{"embeddable":true,"href":"https:\/\/prades.cat\/es\/wp-json\/wp\/v2\/users\/1"}],"replies":[{"embeddable":true,"href":"https:\/\/prades.cat\/es\/wp-json\/wp\/v2\/comments?post=1575"}],"version-history":[{"count":3,"href":"https:\/\/prades.cat\/es\/wp-json\/wp\/v2\/pages\/1575\/revisions"}],"predecessor-version":[{"id":1989,"href":"https:\/\/prades.cat\/es\/wp-json\/wp\/v2\/pages\/1575\/revisions\/1989"}],"wp:attachment":[{"href":"https:\/\/prades.cat\/es\/wp-json\/wp\/v2\/media?parent=1575"}],"curies":[{"name":"wp","href":"https:\/\/api.w.org\/{rel}","templated":true}]}}