{"id":1554,"date":"2017-06-08T10:32:05","date_gmt":"2017-06-08T09:32:05","guid":{"rendered":"https:\/\/prades.cat\/desenvolupament-urbanistic\/"},"modified":"2018-01-09T19:16:22","modified_gmt":"2018-01-09T18:16:22","slug":"desarrollo-urbanistico","status":"publish","type":"page","link":"https:\/\/prades.cat\/es\/desarrollo-urbanistico\/","title":{"rendered":"Desarrollo urban\u00edstico"},"content":{"rendered":"<section class=\"wpb-content-wrapper\"><p>[vc_row css_animation=\u00bb\u00bb row_type=\u00bbrow\u00bb use_row_as_full_screen_section=\u00bbno\u00bb type=\u00bbfull_width\u00bb angled_section=\u00bbno\u00bb text_align=\u00bbleft\u00bb background_image_as_pattern=\u00bbwithout_pattern\u00bb][vc_column][vc_column_text]<\/p>\n<h2>Reparcelaci\u00f3n<\/h2>\n<h3>Reparcelaci\u00f3n de la Unidad de actuaci\u00f3n n\u00fam. 12 \u00abCova del Vidre\u00bb<\/h3>\n<p><a href=\"https:\/\/prades.cat\/wp-content\/uploads\/2017\/06\/Projecte-de-reparcelaci\u00f3.pdf\">Proyecto de reparcelaci\u00f3n<\/a><\/p>\n<p><a href=\"https:\/\/prades.cat\/wp-content\/uploads\/2017\/06\/Aprovaci\u00f3-inicial-del-projecte-de-reparcel\u00b7laci\u00f3.pdf\">Aprovaci\u00f3n inicial del proyecto de reparcelaci\u00f3n<\/a><\/p>\n<p><a href=\"https:\/\/prades.cat\/wp-content\/uploads\/2017\/06\/Anunci-BOP-sobre-aprovaci\u00f3-inicial-del-projecte-de-reparcel\u00b7laci\u00f3.pdf\">Anuncio BOP sobre aprovaci\u00f3n inicial del proyecto de reparcelaci\u00f3n<\/a><\/p>\n<p><a href=\"https:\/\/prades.cat\/wp-content\/uploads\/2017\/06\/Anunci-Diari-de-Tarragona-sobre-aprovaci\u00f3-inicial-del-projecte-de-reparcel\u00b7laci\u00f3.pdf\">Anuncio Diari de Tarragona sobre aprobaci\u00f3n inicial del proyecto de reparcelaci\u00f3n<\/a><\/p>\n<p><a href=\"https:\/\/prades.cat\/wp-content\/uploads\/2017\/06\/Aprovaci\u00f3-definitiva-del-projecte-de-reparcel\u00b7laci\u00f3.pdf\">Aprovaci\u00f3n definitiva del proyecto de reparcelaci\u00f3n<\/a><\/p>\n<p><a href=\"https:\/\/prades.cat\/wp-content\/uploads\/2017\/06\/Anunci-BOP-sobre-aprovaci\u00f3-definitiva-del-projecte-de-reparcel\u00b7laci\u00f3.pdf\">Anuncio BOP sobre aprobaci\u00f3n definitiva del proyecto de reparcelaci\u00f3n<\/a><\/p>\n<p>&nbsp;<\/p>\n<h3>Reparcelaci\u00f3n de la Unidad de actuaci\u00f3n n\u00fam. 3 \u00abLes Forquetes\u00bb<\/h3>\n<p><a href=\"https:\/\/prades.cat\/wp-content\/uploads\/2017\/06\/Projecte-de-reparcel\u00b7laci\u00f3.pdf\">Proyecto de reparcelaci\u00f3n<\/a><\/p>\n<p><a href=\"https:\/\/prades.cat\/wp-content\/uploads\/2017\/06\/Aprovaci\u00f3-inicial-del-projecte-de-reparcel\u00b7laci\u00f3-1.pdf\">Aprobaci\u00f3n inicial del proyecto de reparcelaci\u00f3n<\/a><\/p>\n<p><a href=\"https:\/\/prades.cat\/wp-content\/uploads\/2017\/06\/Anunci-BOP-sobre-aprovaci\u00f3-inicial-del-projecte-de-reparcel\u00b7laci\u00f3-1.pdf\">Anuncio BOP sobre aprobaci\u00f3n inicial del proyecto de reparcelaci\u00f3n<\/a><\/p>\n<p><a href=\"https:\/\/prades.cat\/wp-content\/uploads\/2017\/06\/Anunci-Diari-de-Tarragona-sobre-aprovaci\u00f3-inicial-del-projecte-de-reparcel\u00b7laci\u00f3-1.pdf\">Anuncio Diari de Tarragona sobre aprobaci\u00f3 inicial del proyecto de reparcelaci\u00f3n<\/a><\/p>\n<p><a href=\"https:\/\/prades.cat\/wp-content\/uploads\/2017\/06\/Aprovaci\u00f3-definitiva-del-projecte-de-reparcel\u00b7laci\u00f3-1.pdf\">Aprobaci\u00f3n definitiva del proyecto de reparcelaci\u00f3n<\/a><\/p>\n<p><a href=\"https:\/\/prades.cat\/wp-content\/uploads\/2017\/06\/Anunci-BOP-sobre-aprovaci\u00f3-definitiva-del-projecte-de-reparcel\u00b7laci\u00f3-1.pdf\">Anuncio BOP sobre aprobaci\u00f3 definitiva del proyecto de reparcelaci\u00f3n<\/a><\/p>\n<p><a href=\"https:\/\/prades.cat\/wp-content\/uploads\/2017\/06\/Aprovaci\u00f3-de-la-rectificaci\u00f3-derrors-materials-del-projecte-de-reparcel\u00b7laci\u00f3.pdf\">Aprobaci\u00f3n de la rectificaci\u00f3n de errores materiales del proyecto de reparcelaci\u00f3n<\/a><\/p>\n<p><a href=\"https:\/\/prades.cat\/wp-content\/uploads\/2017\/06\/Anunci-BOP-sobre-aprovaci\u00f3-de-la-rectificaci\u00f3-del-projecte-de-reparcel\u00b7laci\u00f3-1.pdf\">Anuncio BOP sobre aprobaci\u00f3n de la rectificaci\u00f3n del proyecto de reparcelaci\u00f3n<\/a><\/p>\n<h2>Urbanizaci\u00f3n<\/h2>\n<h3>Proyecto de urbanizaci\u00f3n de la Unidad de actuaci\u00f3n n\u00fam. 12 \u00abCova del Vidre\u00bb<\/h3>\n<p><a href=\"https:\/\/prades.cat\/wp-content\/uploads\/2017\/06\/Aprovaci\u00f3-inicial-del-projecte-durbanitzaci\u00f3-1.pdf\">Aprobaci\u00f3n inicial del proyecto de urbanitzaci\u00f3n<\/a><\/p>\n<p><a href=\"https:\/\/prades.cat\/wp-content\/uploads\/2017\/06\/Anunci-BOP-sobre-aprovaci\u00f3-inicial-del-projecte-durbanitzaci\u00f3.pdf\">Anuncio BOP sobre aprobaci\u00f3n inicial del proyecto de urbanizaci\u00f3n<\/a><\/p>\n<p><a href=\"https:\/\/prades.cat\/wp-content\/uploads\/2017\/06\/Anunci-Diari-de-Tarragona-sobre-aprovaci\u00f3-inicial-del-projecte-durbanitzaci\u00f3.pdf\">Anuncio Diari de Tarragona sobre aprobaci\u00f3n inicial del proyecto de urbanizaci\u00f3n<\/a><\/p>\n<h3>Proyecto de urbanizaci\u00f3n de la Unidad de actuaci\u00f3n n\u00fam. 3 \u00abLes Forquetes\u00bb<\/h3>\n<p><a href=\"https:\/\/prades.cat\/wp-content\/uploads\/2017\/06\/Aprovaci\u00f3-inicial-del-projecte-durbanitzaci\u00f3-2.pdf\">Aprobaci\u00f3n inicial del proyecto de urbanizaci\u00f3n<\/a><\/p>\n<p><a href=\"https:\/\/prades.cat\/wp-content\/uploads\/2017\/06\/Anunci-BOP-sobre-aprovaci\u00f3-inicial-del-projecte-deurbanitzaci\u00f3.pdf\">Anuncio BOP sobre aprobaci\u00f3n inicial del proyecto de urbanizaci\u00f3n<\/a><\/p>\n<p><a href=\"https:\/\/prades.cat\/wp-content\/uploads\/2017\/06\/Anunci-Diari-de-Tarragona-sobre-aprovaci\u00f3-inicial-del-projecte-durbanitzaci\u00f3-1.pdf\">Anuncio Diari de Tarragona sobre aprobaci\u00f3n inicial del proyecto de urbanizaci\u00f3n<\/a>[\/vc_column_text][\/vc_column][\/vc_row][vc_row css_animation=\u00bb\u00bb row_type=\u00bbrow\u00bb use_row_as_full_screen_section=\u00bbno\u00bb type=\u00bbfull_width\u00bb angled_section=\u00bbno\u00bb text_align=\u00bbleft\u00bb background_image_as_pattern=\u00bbwithout_pattern\u00bb][vc_column][vc_separator type=\u00bbtransparent\u00bb][\/vc_column][\/vc_row]<\/p>\n<\/section>","protected":false},"excerpt":{"rendered":"<p>[vc_row css_animation=\u00bb\u00bb row_type=\u00bbrow\u00bb use_row_as_full_screen_section=\u00bbno\u00bb type=\u00bbfull_width\u00bb angled_section=\u00bbno\u00bb text_align=\u00bbleft\u00bb background_image_as_pattern=\u00bbwithout_pattern\u00bb][vc_column][vc_column_text] Reparcelaci\u00f3n Reparcelaci\u00f3n de la Unidad de actuaci\u00f3n n\u00fam. 12 \u00abCova del Vidre\u00bb Proyecto de reparcelaci\u00f3n Aprovaci\u00f3n inicial del proyecto de reparcelaci\u00f3n Anuncio BOP sobre aprovaci\u00f3n inicial del proyecto de reparcelaci\u00f3n Anuncio Diari de Tarragona sobre aprobaci\u00f3n inicial&#8230;<\/p>\n","protected":false},"author":1,"featured_media":0,"parent":0,"menu_order":0,"comment_status":"closed","ping_status":"closed","template":"","meta":{"footnotes":""},"acf":[],"yoast_head":"<!-- This site is optimized with the Yoast SEO plugin v22.6 - https:\/\/yoast.com\/wordpress\/plugins\/seo\/ -->\n<title>Desarrollo urban\u00edstico - Prades<\/title>\n<meta name=\"robots\" content=\"index, follow, max-snippet:-1, max-image-preview:large, max-video-preview:-1\" \/>\n<link rel=\"canonical\" href=\"https:\/\/prades.cat\/es\/desarrollo-urbanistico\/\" \/>\n<meta property=\"og:locale\" content=\"es_ES\" \/>\n<meta property=\"og:type\" content=\"article\" \/>\n<meta property=\"og:title\" content=\"Desarrollo urban\u00edstico - Prades\" \/>\n<meta property=\"og:description\" content=\"[vc_row css_animation=\u00bb\u00bb row_type=\u00bbrow\u00bb use_row_as_full_screen_section=\u00bbno\u00bb type=\u00bbfull_width\u00bb angled_section=\u00bbno\u00bb text_align=\u00bbleft\u00bb background_image_as_pattern=\u00bbwithout_pattern\u00bb][vc_column][vc_column_text] Reparcelaci\u00f3n Reparcelaci\u00f3n de la Unidad de actuaci\u00f3n n\u00fam. 12 \u00abCova del Vidre\u00bb Proyecto de reparcelaci\u00f3n Aprovaci\u00f3n inicial del proyecto de reparcelaci\u00f3n Anuncio BOP sobre aprovaci\u00f3n inicial del proyecto de reparcelaci\u00f3n Anuncio Diari de Tarragona sobre aprobaci\u00f3n inicial...\" \/>\n<meta property=\"og:url\" content=\"https:\/\/prades.cat\/es\/desarrollo-urbanistico\/\" \/>\n<meta property=\"og:site_name\" content=\"Prades\" \/>\n<meta property=\"article:modified_time\" content=\"2018-01-09T18:16:22+00:00\" \/>\n<meta name=\"twitter:card\" content=\"summary_large_image\" \/>\n<meta name=\"twitter:label1\" content=\"Tiempo de lectura\" \/>\n\t<meta name=\"twitter:data1\" content=\"2 minutos\" \/>\n<script type=\"application\/ld+json\" class=\"yoast-schema-graph\">{\"@context\":\"https:\/\/schema.org\",\"@graph\":[{\"@type\":\"WebPage\",\"@id\":\"https:\/\/prades.cat\/es\/desarrollo-urbanistico\/\",\"url\":\"https:\/\/prades.cat\/es\/desarrollo-urbanistico\/\",\"name\":\"Desarrollo urban\u00edstico - Prades\",\"isPartOf\":{\"@id\":\"https:\/\/prades.cat\/es\/#website\"},\"datePublished\":\"2017-06-08T09:32:05+00:00\",\"dateModified\":\"2018-01-09T18:16:22+00:00\",\"breadcrumb\":{\"@id\":\"https:\/\/prades.cat\/es\/desarrollo-urbanistico\/#breadcrumb\"},\"inLanguage\":\"es\",\"potentialAction\":[{\"@type\":\"ReadAction\",\"target\":[\"https:\/\/prades.cat\/es\/desarrollo-urbanistico\/\"]}]},{\"@type\":\"BreadcrumbList\",\"@id\":\"https:\/\/prades.cat\/es\/desarrollo-urbanistico\/#breadcrumb\",\"itemListElement\":[{\"@type\":\"ListItem\",\"position\":1,\"name\":\"Inici\",\"item\":\"https:\/\/prades.cat\/es\/\"},{\"@type\":\"ListItem\",\"position\":2,\"name\":\"Desarrollo urban\u00edstico\"}]},{\"@type\":\"WebSite\",\"@id\":\"https:\/\/prades.cat\/es\/#website\",\"url\":\"https:\/\/prades.cat\/es\/\",\"name\":\"Prades\",\"description\":\"Web de l&#039;Ajuntament de Prades\",\"potentialAction\":[{\"@type\":\"SearchAction\",\"target\":{\"@type\":\"EntryPoint\",\"urlTemplate\":\"https:\/\/prades.cat\/es\/?s={search_term_string}\"},\"query-input\":\"required name=search_term_string\"}],\"inLanguage\":\"es\"}]}<\/script>\n<!-- \/ Yoast SEO plugin. -->","yoast_head_json":{"title":"Desarrollo urban\u00edstico - Prades","robots":{"index":"index","follow":"follow","max-snippet":"max-snippet:-1","max-image-preview":"max-image-preview:large","max-video-preview":"max-video-preview:-1"},"canonical":"https:\/\/prades.cat\/es\/desarrollo-urbanistico\/","og_locale":"es_ES","og_type":"article","og_title":"Desarrollo urban\u00edstico - Prades","og_description":"[vc_row css_animation=\u00bb\u00bb row_type=\u00bbrow\u00bb use_row_as_full_screen_section=\u00bbno\u00bb type=\u00bbfull_width\u00bb angled_section=\u00bbno\u00bb text_align=\u00bbleft\u00bb background_image_as_pattern=\u00bbwithout_pattern\u00bb][vc_column][vc_column_text] Reparcelaci\u00f3n Reparcelaci\u00f3n de la Unidad de actuaci\u00f3n n\u00fam. 12 \u00abCova del Vidre\u00bb Proyecto de reparcelaci\u00f3n Aprovaci\u00f3n inicial del proyecto de reparcelaci\u00f3n Anuncio BOP sobre aprovaci\u00f3n inicial del proyecto de reparcelaci\u00f3n Anuncio Diari de Tarragona sobre aprobaci\u00f3n inicial...","og_url":"https:\/\/prades.cat\/es\/desarrollo-urbanistico\/","og_site_name":"Prades","article_modified_time":"2018-01-09T18:16:22+00:00","twitter_card":"summary_large_image","twitter_misc":{"Tiempo de lectura":"2 minutos"},"schema":{"@context":"https:\/\/schema.org","@graph":[{"@type":"WebPage","@id":"https:\/\/prades.cat\/es\/desarrollo-urbanistico\/","url":"https:\/\/prades.cat\/es\/desarrollo-urbanistico\/","name":"Desarrollo urban\u00edstico - Prades","isPartOf":{"@id":"https:\/\/prades.cat\/es\/#website"},"datePublished":"2017-06-08T09:32:05+00:00","dateModified":"2018-01-09T18:16:22+00:00","breadcrumb":{"@id":"https:\/\/prades.cat\/es\/desarrollo-urbanistico\/#breadcrumb"},"inLanguage":"es","potentialAction":[{"@type":"ReadAction","target":["https:\/\/prades.cat\/es\/desarrollo-urbanistico\/"]}]},{"@type":"BreadcrumbList","@id":"https:\/\/prades.cat\/es\/desarrollo-urbanistico\/#breadcrumb","itemListElement":[{"@type":"ListItem","position":1,"name":"Inici","item":"https:\/\/prades.cat\/es\/"},{"@type":"ListItem","position":2,"name":"Desarrollo urban\u00edstico"}]},{"@type":"WebSite","@id":"https:\/\/prades.cat\/es\/#website","url":"https:\/\/prades.cat\/es\/","name":"Prades","description":"Web de l&#039;Ajuntament de Prades","potentialAction":[{"@type":"SearchAction","target":{"@type":"EntryPoint","urlTemplate":"https:\/\/prades.cat\/es\/?s={search_term_string}"},"query-input":"required name=search_term_string"}],"inLanguage":"es"}]}},"_links":{"self":[{"href":"https:\/\/prades.cat\/es\/wp-json\/wp\/v2\/pages\/1554"}],"collection":[{"href":"https:\/\/prades.cat\/es\/wp-json\/wp\/v2\/pages"}],"about":[{"href":"https:\/\/prades.cat\/es\/wp-json\/wp\/v2\/types\/page"}],"author":[{"embeddable":true,"href":"https:\/\/prades.cat\/es\/wp-json\/wp\/v2\/users\/1"}],"replies":[{"embeddable":true,"href":"https:\/\/prades.cat\/es\/wp-json\/wp\/v2\/comments?post=1554"}],"version-history":[{"count":2,"href":"https:\/\/prades.cat\/es\/wp-json\/wp\/v2\/pages\/1554\/revisions"}],"predecessor-version":[{"id":1557,"href":"https:\/\/prades.cat\/es\/wp-json\/wp\/v2\/pages\/1554\/revisions\/1557"}],"wp:attachment":[{"href":"https:\/\/prades.cat\/es\/wp-json\/wp\/v2\/media?parent=1554"}],"curies":[{"name":"wp","href":"https:\/\/api.w.org\/{rel}","templated":true}]}}