{"id":1550,"date":"2017-06-08T10:48:06","date_gmt":"2017-06-08T09:48:06","guid":{"rendered":"https:\/\/prades.cat\/avis-legal\/"},"modified":"2018-01-09T19:04:52","modified_gmt":"2018-01-09T18:04:52","slug":"aviso-legal","status":"publish","type":"page","link":"https:\/\/prades.cat\/es\/aviso-legal\/","title":{"rendered":"Aviso legal"},"content":{"rendered":"<section class=\"wpb-content-wrapper\"><p>[vc_row css_animation=\u00bb\u00bb row_type=\u00bbrow\u00bb use_row_as_full_screen_section=\u00bbno\u00bb type=\u00bbfull_width\u00bb angled_section=\u00bbno\u00bb text_align=\u00bbleft\u00bb background_image_as_pattern=\u00bbwithout_pattern\u00bb css=\u00bb.vc_custom_1496915283897{margin-bottom: 30px !important;}\u00bb][vc_column][vc_column_text]Todos los contenidos del sitio web <strong>www.prades.cat<\/strong> -que incluyen, sin car\u00e1cter limitativo, textos, gr\u00e1ficos, logotipos, iconos de botones, im\u00e1genes, archivos de audio y software, etc.\u2013 son bien propiedad de <strong>www.prades.cat<\/strong>, bien de sociedades del grupo al que <strong>www.prades.cat<\/strong> pertenece, bien de los clientes o proveedores, y est\u00e1n protegidos por los normas nacionales e internacionales de propiedad industrial e intelectual. La compilaci\u00f3n (entendi\u00e9ndose como tal la recopilaci\u00f3n, ordenaci\u00f3n y montaje) de todo el contenido del sitio web <strong>www.prades.cat<\/strong> es propiedad exclusiva de <strong>www.prades.cat<\/strong> y se encuentra protegida por las normas nacionales e internacionales de propiedad industrial e intelectual. Todo el software utilizado en el sitio web <strong>www.prades.cat<\/strong> es de <strong>www.prades.cat<\/strong> o sus proveedores de software, y se encuentra protegido por los leyes nacionales e internacionales de propiedad industrial e intelectual.<\/p>\n<p>Queda totalmente prohibido cualquier tipo de utilizaci\u00f3n del contenido de este sitio web, incluidas su reproducci\u00f3n, modificaci\u00f3n, distribuci\u00f3n, transmisi\u00f3n, posterior publicaci\u00f3n, exhibici\u00f3n o representaci\u00f3n total o parcial, sin consentimiento expreso de <strong>www.prades.cat<\/strong> o de sus proveedores.<\/p>\n<p><strong>www.prades.cat<\/strong> y otras denominaciones de productos, servicios, gr\u00e1ficos y logotipos de <strong>www.prades.cat<\/strong> son marcas protegidas por <strong>www.prades.cat<\/strong>. Las denominaciones de otros productos, servicios y compa\u00f1\u00edas mencionadas en este documento pueden ser marcas registradas de sus respectivos propietarios.<\/p>\n<p>La reproducci\u00f3n, modificaci\u00f3n, copia, uso, distribuci\u00f3n, comercializaci\u00f3n, comunicaci\u00f3n p\u00fablica o cualquier otra utilizaci\u00f3n de la informaci\u00f3n contenida en el sitio web de <strong>www.prades.cat<\/strong> (incluidos su propio dise\u00f1o, configuraci\u00f3n y forma de exposici\u00f3n del sitio web) que se realicen sin autorizaci\u00f3n de <strong>www.prades.cat<\/strong> constituye una infracci\u00f3n de la legislaci\u00f3n vigente en materia de propiedad intelectual.<\/p>\n<p><strong>www.prades.cat<\/strong> se reserva todos los derechos para modificar, limitar o cancelar el acceso y los contenidos de la web en cualquier momento y no asume ninguna responsabilidad sobre su actualizaci\u00f3n. Asimismo, <strong>www.prades.cat<\/strong> se reserva la facultad de efectuar modificaciones en la configuraci\u00f3n o presentaci\u00f3n de su web, y puede hacer uso de esta facultad sin previo aviso.<\/p>\n<p>Tanto el acceso al web de <strong>www.prades.cat<\/strong> como el uso de cualquier informaci\u00f3n contenida es de exclusiva responsabilidad de la persona que accede o lo usa y <strong>www.prades.cat<\/strong> no responde de ninguna consecuencia, da\u00f1o o perjuicio que pudiera derivarse del acceso o uso de la informaci\u00f3n. <strong>www.prades.cat<\/strong> no garantiza que la informaci\u00f3n, texto, gr\u00e1ficos, v\u00ednculos o cualquier otro contenido de su web sean exactos o completos, y excluye, especialmente, cualquier responsabilidad que pudiera derivarse de los contenidos y servicios comerciales o de otra \u00edndole de webs que se pudieran enlazar electr\u00f3nicamente (link), directa o indirectamente, a trav\u00e9s de la web de <strong>www.prades.cat<\/strong>.<\/p>\n<p>Para facilitar el acceso, puede que <strong>www.prades.cat<\/strong> incluya v\u00ednculos a p\u00e1ginas de Internet que pertenezcan o est\u00e9n gestionadas por terceros. Al entrar en estos sitios, debe revisar y aceptar las normas de uso de esta p\u00e1gina antes de utilizarla. Tambi\u00e9n debe aceptar que <strong>www.prades.cat<\/strong> no tiene ning\u00fan control sobre el contenido de estas p\u00e1ginas y que no puede asumir ninguna responsabilidad del material creado o publicado por estas. Adem\u00e1s, el v\u00ednculo a un sitio ajeno a <strong>www.prades.cat<\/strong> no implica que <strong>www.prades.cat<\/strong> lo apruebe, ni los productos o servicios a los que se hace referencia.<\/p>\n<p>El hecho de que en la web de <strong>www.prades.cat<\/strong> se haga referencia a productos, servicios, marcas, nombres comerciales, fabricantes, suministradores, etc., propiedad de terceros, no constituye su patrocinio o recomendaci\u00f3n por parte de ninguna de las entidades del grupo <strong>www.prades.cat<\/strong>.<\/p>\n<p><strong>www.prades.cat<\/strong> excluye y declina cualquier responsabilidad que pudiera derivarse de la transmisi\u00f3n de informaci\u00f3n entre usuarios a trav\u00e9s de la red Internet y no adquiere ninguna responsabilidad por problemas t\u00e9cnicos o fallos mec\u00e1nicos en los equipos inform\u00e1ticos producidos durante la conexi\u00f3n a la red, ya sea a trav\u00e9s de la web de <strong>www.prades.cat<\/strong> o de webs de terceros.<\/p>\n<p><strong>www.prades.cat<\/strong> no se responsabiliza de los virus que tengan su origen en una transmisi\u00f3n telem\u00e1tica infiltrados por terceras partes (por ejemplo, los macros de procesadores de texto, los applets de Java y los programas ActiveX), generados para obtener resultados negativos en un sistema inform\u00e1tico.<\/p>\n<p>La informaci\u00f3n de esta web s\u00f3lo tiene car\u00e1cter informativo y en ning\u00fan caso tiene car\u00e1cter contractual por parte de <strong>www.prades.cat<\/strong>.<\/p>\n<p>El contenido de la web de <strong>www.prades.cat<\/strong> \u00fanicamente es aplicable a territorio espa\u00f1ol.<\/p>\n<p><strong>www.prades.cat<\/strong> garantiza la absoluta confidencialidad de los datos personales de los usuarios de la web de <strong>www.prades.cat<\/strong>. Los datos proporcionados ser\u00e1n incorporados a una base de datos gestionada bajo la exclusiva responsabilidad de <strong>www.prades.cat<\/strong>, creada para facilitar a los usuarios la utilizaci\u00f3n de los servicios ofrecidos por \u00e9sta, as\u00ed como para informar sobre los productos y servicios que puedan ser\u00a0de su inter\u00e9s. En cumplimiento de la Ley Org\u00e1nica 15\/1999, de 13 de diciembre, de protecci\u00f3n de datos de car\u00e1cter personal, el usuario puede en todo momento ejercitar los derechos que la ley le confiere relativos al acceso, rectificaci\u00f3n, cancelaci\u00f3n y oposici\u00f3n a la cesi\u00f3n de sus datos al fichero de propiedad exclusiva de <strong>www.prades.cat<\/strong> enviando un correo electr\u00f3nico a: <strong>info@prades.cat<\/strong>[\/vc_column_text][\/vc_column][\/vc_row]<\/p>\n<\/section>","protected":false},"excerpt":{"rendered":"<p>[vc_row css_animation=\u00bb\u00bb row_type=\u00bbrow\u00bb use_row_as_full_screen_section=\u00bbno\u00bb type=\u00bbfull_width\u00bb angled_section=\u00bbno\u00bb text_align=\u00bbleft\u00bb background_image_as_pattern=\u00bbwithout_pattern\u00bb css=\u00bb.vc_custom_1496915283897{margin-bottom: 30px !important;}\u00bb][vc_column][vc_column_text]Todos los contenidos del sitio web www.prades.cat -que incluyen, sin car\u00e1cter limitativo, textos, gr\u00e1ficos, logotipos, iconos de botones, im\u00e1genes, archivos de audio y software, etc.\u2013 son bien propiedad de www.prades.cat, bien de sociedades del grupo&#8230;<\/p>\n","protected":false},"author":1,"featured_media":0,"parent":0,"menu_order":0,"comment_status":"closed","ping_status":"closed","template":"","meta":{"footnotes":""},"acf":[],"yoast_head":"<!-- This site is optimized with the Yoast SEO plugin v22.6 - https:\/\/yoast.com\/wordpress\/plugins\/seo\/ -->\n<title>Aviso legal - Prades<\/title>\n<meta name=\"robots\" content=\"index, follow, max-snippet:-1, max-image-preview:large, max-video-preview:-1\" \/>\n<link rel=\"canonical\" href=\"https:\/\/prades.cat\/es\/aviso-legal\/\" \/>\n<meta property=\"og:locale\" content=\"es_ES\" \/>\n<meta property=\"og:type\" content=\"article\" \/>\n<meta property=\"og:title\" content=\"Aviso legal - Prades\" \/>\n<meta property=\"og:description\" content=\"[vc_row css_animation=\u00bb\u00bb row_type=\u00bbrow\u00bb use_row_as_full_screen_section=\u00bbno\u00bb type=\u00bbfull_width\u00bb angled_section=\u00bbno\u00bb text_align=\u00bbleft\u00bb background_image_as_pattern=\u00bbwithout_pattern\u00bb css=\u00bb.vc_custom_1496915283897{margin-bottom: 30px !important;}\u00bb][vc_column][vc_column_text]Todos los contenidos del sitio web www.prades.cat -que incluyen, sin car\u00e1cter limitativo, textos, gr\u00e1ficos, logotipos, iconos de botones, im\u00e1genes, archivos de audio y software, etc.\u2013 son bien propiedad de www.prades.cat, bien de sociedades del grupo...\" \/>\n<meta property=\"og:url\" content=\"https:\/\/prades.cat\/es\/aviso-legal\/\" \/>\n<meta property=\"og:site_name\" content=\"Prades\" \/>\n<meta property=\"article:modified_time\" content=\"2018-01-09T18:04:52+00:00\" \/>\n<meta name=\"twitter:card\" content=\"summary_large_image\" \/>\n<meta name=\"twitter:label1\" content=\"Tiempo de lectura\" \/>\n\t<meta name=\"twitter:data1\" content=\"5 minutos\" \/>\n<script type=\"application\/ld+json\" class=\"yoast-schema-graph\">{\"@context\":\"https:\/\/schema.org\",\"@graph\":[{\"@type\":\"WebPage\",\"@id\":\"https:\/\/prades.cat\/es\/aviso-legal\/\",\"url\":\"https:\/\/prades.cat\/es\/aviso-legal\/\",\"name\":\"Aviso legal - Prades\",\"isPartOf\":{\"@id\":\"https:\/\/prades.cat\/es\/#website\"},\"datePublished\":\"2017-06-08T09:48:06+00:00\",\"dateModified\":\"2018-01-09T18:04:52+00:00\",\"breadcrumb\":{\"@id\":\"https:\/\/prades.cat\/es\/aviso-legal\/#breadcrumb\"},\"inLanguage\":\"es\",\"potentialAction\":[{\"@type\":\"ReadAction\",\"target\":[\"https:\/\/prades.cat\/es\/aviso-legal\/\"]}]},{\"@type\":\"BreadcrumbList\",\"@id\":\"https:\/\/prades.cat\/es\/aviso-legal\/#breadcrumb\",\"itemListElement\":[{\"@type\":\"ListItem\",\"position\":1,\"name\":\"Inici\",\"item\":\"https:\/\/prades.cat\/es\/\"},{\"@type\":\"ListItem\",\"position\":2,\"name\":\"Aviso legal\"}]},{\"@type\":\"WebSite\",\"@id\":\"https:\/\/prades.cat\/es\/#website\",\"url\":\"https:\/\/prades.cat\/es\/\",\"name\":\"Prades\",\"description\":\"Web de l&#039;Ajuntament de Prades\",\"potentialAction\":[{\"@type\":\"SearchAction\",\"target\":{\"@type\":\"EntryPoint\",\"urlTemplate\":\"https:\/\/prades.cat\/es\/?s={search_term_string}\"},\"query-input\":\"required name=search_term_string\"}],\"inLanguage\":\"es\"}]}<\/script>\n<!-- \/ Yoast SEO plugin. -->","yoast_head_json":{"title":"Aviso legal - Prades","robots":{"index":"index","follow":"follow","max-snippet":"max-snippet:-1","max-image-preview":"max-image-preview:large","max-video-preview":"max-video-preview:-1"},"canonical":"https:\/\/prades.cat\/es\/aviso-legal\/","og_locale":"es_ES","og_type":"article","og_title":"Aviso legal - Prades","og_description":"[vc_row css_animation=\u00bb\u00bb row_type=\u00bbrow\u00bb use_row_as_full_screen_section=\u00bbno\u00bb type=\u00bbfull_width\u00bb angled_section=\u00bbno\u00bb text_align=\u00bbleft\u00bb background_image_as_pattern=\u00bbwithout_pattern\u00bb css=\u00bb.vc_custom_1496915283897{margin-bottom: 30px !important;}\u00bb][vc_column][vc_column_text]Todos los contenidos del sitio web www.prades.cat -que incluyen, sin car\u00e1cter limitativo, textos, gr\u00e1ficos, logotipos, iconos de botones, im\u00e1genes, archivos de audio y software, etc.\u2013 son bien propiedad de www.prades.cat, bien de sociedades del grupo...","og_url":"https:\/\/prades.cat\/es\/aviso-legal\/","og_site_name":"Prades","article_modified_time":"2018-01-09T18:04:52+00:00","twitter_card":"summary_large_image","twitter_misc":{"Tiempo de lectura":"5 minutos"},"schema":{"@context":"https:\/\/schema.org","@graph":[{"@type":"WebPage","@id":"https:\/\/prades.cat\/es\/aviso-legal\/","url":"https:\/\/prades.cat\/es\/aviso-legal\/","name":"Aviso legal - Prades","isPartOf":{"@id":"https:\/\/prades.cat\/es\/#website"},"datePublished":"2017-06-08T09:48:06+00:00","dateModified":"2018-01-09T18:04:52+00:00","breadcrumb":{"@id":"https:\/\/prades.cat\/es\/aviso-legal\/#breadcrumb"},"inLanguage":"es","potentialAction":[{"@type":"ReadAction","target":["https:\/\/prades.cat\/es\/aviso-legal\/"]}]},{"@type":"BreadcrumbList","@id":"https:\/\/prades.cat\/es\/aviso-legal\/#breadcrumb","itemListElement":[{"@type":"ListItem","position":1,"name":"Inici","item":"https:\/\/prades.cat\/es\/"},{"@type":"ListItem","position":2,"name":"Aviso legal"}]},{"@type":"WebSite","@id":"https:\/\/prades.cat\/es\/#website","url":"https:\/\/prades.cat\/es\/","name":"Prades","description":"Web de l&#039;Ajuntament de Prades","potentialAction":[{"@type":"SearchAction","target":{"@type":"EntryPoint","urlTemplate":"https:\/\/prades.cat\/es\/?s={search_term_string}"},"query-input":"required name=search_term_string"}],"inLanguage":"es"}]}},"_links":{"self":[{"href":"https:\/\/prades.cat\/es\/wp-json\/wp\/v2\/pages\/1550"}],"collection":[{"href":"https:\/\/prades.cat\/es\/wp-json\/wp\/v2\/pages"}],"about":[{"href":"https:\/\/prades.cat\/es\/wp-json\/wp\/v2\/types\/page"}],"author":[{"embeddable":true,"href":"https:\/\/prades.cat\/es\/wp-json\/wp\/v2\/users\/1"}],"replies":[{"embeddable":true,"href":"https:\/\/prades.cat\/es\/wp-json\/wp\/v2\/comments?post=1550"}],"version-history":[{"count":3,"href":"https:\/\/prades.cat\/es\/wp-json\/wp\/v2\/pages\/1550\/revisions"}],"predecessor-version":[{"id":1553,"href":"https:\/\/prades.cat\/es\/wp-json\/wp\/v2\/pages\/1550\/revisions\/1553"}],"wp:attachment":[{"href":"https:\/\/prades.cat\/es\/wp-json\/wp\/v2\/media?parent=1550"}],"curies":[{"name":"wp","href":"https:\/\/api.w.org\/{rel}","templated":true}]}}